{"id":6,"date":"2008-06-23T22:03:17","date_gmt":"2008-06-23T20:03:17","guid":{"rendered":"http:\/\/csopro.de\/biblog\/index.php?page_id=2"},"modified":"2018-05-23T22:10:39","modified_gmt":"2018-05-23T21:10:39","slug":"impressum","status":"publish","type":"page","link":"https:\/\/www.csopro.de\/biblog\/impressum\/","title":{"rendered":"Impressum"},"content":{"rendered":"<p>CSoPro GmbH<br \/>\nGerhart-Hauptmann-Str. 18<br \/>\n85757 Karlsfeld<\/p>\n<p>Telefon: +49 8131 997 9869<br \/>\nTelefax: +49 8131 997 9868<br \/>\nE-Mail: gf -at- csopro.de (Ersetzen Sie dabei bitte -at- durch @)<br \/>\nInternet: <a href=\"https:\/\/www.csopro.de\">www.csopro.de<\/a><\/p>\n<p>Vertretungsberechtigter Gesch\u00e4ftsf\u00fchrer: Martin Cremer<\/p>\n<p>Registergericht: Amtsgericht M\u00fcnchen<br \/>\nRegisternummer: HR 153 889<\/p>\n<p>Umsatzsteuer-Identifikationsnummer gem\u00e4\u00df \u00a7 27 a Umsatzsteuergesetz: DE 814119498<br \/>\nSteuer-Nr. Finanzamt Freising: 115 \/ 123 \/ 80397<\/p>\n<p>Haftungshinweis: Trotz sorgf\u00e4ltiger inhaltlicher Kontrolle \u00fcbernehmen wir keine Haftung f\u00fcr die Inhalte externer Links. F\u00fcr den Inhalt der verlinkten Seiten sind ausschlie\u00dflich deren Betreiber verantwortlich.<\/p>\n<p>Die Kommentare geben nur die Meinung der Personen wider, die die Kommentare abgeben, nicht jedoch die Meinung der Fa. CSoPro GmbH<\/p>\n<p>Die Datenschutzbestimmungen finden sich <a href=\"https:\/\/www.csopro.de\/impressum.html\" target=\"_blank\" rel=\"noopener\">hier<\/a>.<\/p>\n","protected":false},"excerpt":{"rendered":"<p>CSoPro GmbH Gerhart-Hauptmann-Str. 18 85757 Karlsfeld Telefon: +49 8131 997 9869 Telefax: +49 8131 997 9868 E-Mail: gf -at- csopro.de (Ersetzen Sie dabei bitte -at- durch @) Internet: www.csopro.de Vertretungsberechtigter Gesch\u00e4ftsf\u00fchrer: Martin Cremer Registergericht: Amtsgericht M\u00fcnchen Registernummer: HR 153 889 Umsatzsteuer-Identifikationsnummer gem\u00e4\u00df \u00a7 27 a Umsatzsteuergesetz: DE 814119498 Steuer-Nr. Finanzamt Freising: 115 \/ 123 \/ &hellip; <a href=\"https:\/\/www.csopro.de\/biblog\/impressum\/\" class=\"more-link\"><span class=\"screen-reader-text\">Impressum<\/span> weiterlesen <span class=\"meta-nav\">&rarr;<\/span><\/a><\/p>\n","protected":false},"author":2,"featured_media":0,"parent":0,"menu_order":0,"comment_status":"open","ping_status":"open","template":"","meta":{"footnotes":""},"class_list":["post-6","page","type-page","status-publish","hentry"],"_links":{"self":[{"href":"https:\/\/www.csopro.de\/biblog\/wp-json\/wp\/v2\/pages\/6","targetHints":{"allow":["GET"]}}],"collection":[{"href":"https:\/\/www.csopro.de\/biblog\/wp-json\/wp\/v2\/pages"}],"about":[{"href":"https:\/\/www.csopro.de\/biblog\/wp-json\/wp\/v2\/types\/page"}],"author":[{"embeddable":true,"href":"https:\/\/www.csopro.de\/biblog\/wp-json\/wp\/v2\/users\/2"}],"replies":[{"embeddable":true,"href":"https:\/\/www.csopro.de\/biblog\/wp-json\/wp\/v2\/comments?post=6"}],"version-history":[{"count":6,"href":"https:\/\/www.csopro.de\/biblog\/wp-json\/wp\/v2\/pages\/6\/revisions"}],"predecessor-version":[{"id":402,"href":"https:\/\/www.csopro.de\/biblog\/wp-json\/wp\/v2\/pages\/6\/revisions\/402"}],"wp:attachment":[{"href":"https:\/\/www.csopro.de\/biblog\/wp-json\/wp\/v2\/media?parent=6"}],"curies":[{"name":"wp","href":"https:\/\/api.w.org\/{rel}","templated":true}]}}